{"id":1025,"date":"2021-07-14T16:44:14","date_gmt":"2021-07-14T16:44:14","guid":{"rendered":"https:\/\/gaviaspreview.com\/wp\/qempo\/?page_id=1025"},"modified":"2024-08-01T16:06:33","modified_gmt":"2024-08-01T20:06:33","slug":"downloads","status":"publish","type":"page","link":"https:\/\/brariel.com\/mmxxiv\/downloads\/","title":{"rendered":"Downloads"},"content":{"rendered":"\t\t<div data-elementor-type=\"wp-page\" data-elementor-id=\"1025\" class=\"elementor elementor-1025\" data-elementor-post-type=\"page\">\n\t\t\t\t\t\t<section class=\"elementor-section elementor-top-section elementor-element elementor-element-6c30c88 elementor-section-boxed elementor-section-height-default elementor-section-height-default row-top\" data-id=\"6c30c88\" data-element_type=\"section\" data-e-type=\"section\">\n\t\t\t\t\t\t<div class=\"elementor-container elementor-column-gap-default\">\n\t\t\t\t\t<div class=\"elementor-column elementor-col-100 elementor-top-column elementor-element elementor-element-3cafedf column-style-top\" data-id=\"3cafedf\" data-element_type=\"column\" data-e-type=\"column\">\n\t\t\t<div class=\"elementor-widget-wrap elementor-element-populated\">\n\t\t\t\t\t\t<div class=\"elementor-element elementor-element-be25a35 elementor-widget elementor-widget-heading\" data-id=\"be25a35\" data-element_type=\"widget\" data-e-type=\"widget\" data-widget_type=\"heading.default\">\n\t\t\t\t<div class=\"elementor-widget-container\">\n\t\t\t\t\t<h1 class=\"elementor-heading-title elementor-size-default\">Descargas Informativas de Nuestra Organizaci\u00f3n<\/h1>\t\t\t\t<\/div>\n\t\t\t\t<\/div>\n\t\t\t\t\t<\/div>\n\t\t<\/div>\n\t\t\t\t\t<\/div>\n\t\t<\/section>\n\t\t\t\t<section class=\"elementor-section elementor-top-section elementor-element elementor-element-d9d521e elementor-section-boxed elementor-section-height-default elementor-section-height-default row-top\" data-id=\"d9d521e\" data-element_type=\"section\" data-e-type=\"section\">\n\t\t\t\t\t\t<div class=\"elementor-container elementor-column-gap-default\">\n\t\t\t\t\t<div class=\"elementor-column elementor-col-50 elementor-top-column elementor-element elementor-element-630eadc column-style-top\" data-id=\"630eadc\" data-element_type=\"column\" data-e-type=\"column\">\n\t\t\t<div class=\"elementor-widget-wrap elementor-element-populated\">\n\t\t\t\t\t\t<div class=\"elementor-element elementor-element-605cfd8 elementor-widget elementor-widget-bdt-download-monitor\" data-id=\"605cfd8\" data-element_type=\"widget\" data-e-type=\"widget\" data-widget_type=\"bdt-download-monitor.default\">\n\t\t\t\t<div class=\"elementor-widget-container\">\n\t\t\t\t\t            <a class=\"bdt-download-monitor-button elementor-button elementor-size-sm \" href=\"https:\/\/brariel.com\/mmxxiv\/download\/2298\/?tmstv=1776250358\" target=\"_self\">\n\n\t\t\t\t<div class=\"bdt-dm-description\">\n\t            \t<div class=\"bdt-dm-title\">\n\t\t\t\t\t\tPresentaci\u00f3n Corporativa\t            \t<\/div>\n\n\t\t\t\t\t<div class=\"bdt-dm-meta\">\n\t\t            \t\t\t            \t<div class=\"bdt-dm-file\">\n\t\t            \t\tpdf\t\t            \t\t\n\t\t            \t<\/div>\n\t\t            \t\t\t            \t\n\t\t            \t\t\t            \t<div class=\"bdt-dm-size\">\n\t\t            \t\t1,09 MB\t\t            \t<\/div>\n\t\t            \t\n\t\t            \t\t\t            \t<div class=\"bdt-dm-count\">\n\t\t            \t\tDownloaded 511\t\t            \t<\/div>\n\t\t            \t\t\t\t\t\t<\/div>\n\t\t\t\t<\/div>\n            \t\n            \t\t\t\t\t\t<span class=\"bdt-dm-button-icon bdt-button-icon-align-right\">\n\n\t\t\t\t\t\t<i aria-hidden=\"true\" class=\"fa-fw fas fa-download\"><\/i>\n\t\t\t\t\t<\/span>\n\t\t\t\t\n            <\/a>\n\t\t\t\t\t\t\t<\/div>\n\t\t\t\t<\/div>\n\t\t\t\t\t<\/div>\n\t\t<\/div>\n\t\t\t\t<div class=\"elementor-column elementor-col-50 elementor-top-column elementor-element elementor-element-f32ca8f column-style-top\" data-id=\"f32ca8f\" data-element_type=\"column\" data-e-type=\"column\">\n\t\t\t<div class=\"elementor-widget-wrap elementor-element-populated\">\n\t\t\t\t\t\t<div class=\"elementor-element elementor-element-97ca54c elementor-widget elementor-widget-bdt-download-monitor\" data-id=\"97ca54c\" data-element_type=\"widget\" data-e-type=\"widget\" data-widget_type=\"bdt-download-monitor.default\">\n\t\t\t\t<div class=\"elementor-widget-container\">\n\t\t\t\t\t            <a class=\"bdt-download-monitor-button elementor-button elementor-size-sm \" href=\"https:\/\/brariel.com\/mmxxiv\/download\/2301\/?tmstv=1776250358\" target=\"_self\">\n\n\t\t\t\t<div class=\"bdt-dm-description\">\n\t            \t<div class=\"bdt-dm-title\">\n\t\t\t\t\t\tVideo de Presentaci\u00f3n de Brariel Telecomunicaciones\t            \t<\/div>\n\n\t\t\t\t\t<div class=\"bdt-dm-meta\">\n\t\t            \t\t\t            \t<div class=\"bdt-dm-file\">\n\t\t            \t\tmp4\t\t            \t\t\n\t\t            \t<\/div>\n\t\t            \t\t\t            \t\n\t\t            \t\t\t            \t<div class=\"bdt-dm-size\">\n\t\t            \t\t9,37 MB\t\t            \t<\/div>\n\t\t            \t\n\t\t            \t\t\t            \t<div class=\"bdt-dm-count\">\n\t\t            \t\tDownloaded 363\t\t            \t<\/div>\n\t\t            \t\t\t\t\t\t<\/div>\n\t\t\t\t<\/div>\n            \t\n            \t\t\t\t\t\t<span class=\"bdt-dm-button-icon bdt-button-icon-align-right\">\n\n\t\t\t\t\t\t<i aria-hidden=\"true\" class=\"fa-fw fas fa-download\"><\/i>\n\t\t\t\t\t<\/span>\n\t\t\t\t\n            <\/a>\n\t\t\t\t\t\t\t<\/div>\n\t\t\t\t<\/div>\n\t\t\t\t\t<\/div>\n\t\t<\/div>\n\t\t\t\t\t<\/div>\n\t\t<\/section>\n\t\t\t\t<\/div>\n\t\t","protected":false},"excerpt":{"rendered":"<p>Descargas Informativas de Nuestra Organizaci\u00f3n Presentaci\u00f3n Corporativa pdf 1,09 MB Downloaded 0 Video de Presentaci\u00f3n de Brariel Telecomunicaciones mp4 9,37 MB Downloaded 0<\/p>\n","protected":false},"author":1,"featured_media":0,"parent":0,"menu_order":0,"comment_status":"closed","ping_status":"closed","template":"","meta":{"_price":"","_stock":"","_tribe_ticket_header":"","_tribe_default_ticket_provider":"","_tribe_ticket_capacity":"0","_ticket_start_date":"","_ticket_end_date":"","_tribe_ticket_show_description":"","_tribe_ticket_show_not_going":false,"_tribe_ticket_use_global_stock":"","_tribe_ticket_global_stock_level":"","_global_stock_mode":"","_global_stock_cap":"","_tribe_rsvp_for_event":"","_tribe_ticket_going_count":"","_tribe_ticket_not_going_count":"","_tribe_tickets_list":"[]","_tribe_ticket_has_attendee_info_fields":false,"footnotes":"","_tec_slr_enabled":"","_tec_slr_layout":""},"class_list":["post-1025","page","type-page","status-publish","hentry"],"ticketed":false,"_links":{"self":[{"href":"https:\/\/brariel.com\/mmxxiv\/wp-json\/wp\/v2\/pages\/1025","targetHints":{"allow":["GET"]}}],"collection":[{"href":"https:\/\/brariel.com\/mmxxiv\/wp-json\/wp\/v2\/pages"}],"about":[{"href":"https:\/\/brariel.com\/mmxxiv\/wp-json\/wp\/v2\/types\/page"}],"author":[{"embeddable":true,"href":"https:\/\/brariel.com\/mmxxiv\/wp-json\/wp\/v2\/users\/1"}],"replies":[{"embeddable":true,"href":"https:\/\/brariel.com\/mmxxiv\/wp-json\/wp\/v2\/comments?post=1025"}],"version-history":[{"count":26,"href":"https:\/\/brariel.com\/mmxxiv\/wp-json\/wp\/v2\/pages\/1025\/revisions"}],"predecessor-version":[{"id":2332,"href":"https:\/\/brariel.com\/mmxxiv\/wp-json\/wp\/v2\/pages\/1025\/revisions\/2332"}],"wp:attachment":[{"href":"https:\/\/brariel.com\/mmxxiv\/wp-json\/wp\/v2\/media?parent=1025"}],"curies":[{"name":"wp","href":"https:\/\/api.w.org\/{rel}","templated":true}]}}